{"id":1990,"date":"2023-12-13T23:56:20","date_gmt":"2023-12-13T22:56:20","guid":{"rendered":"http:\/\/gbpkozy.oriniok.pl\/?page_id=1990"},"modified":"2023-12-13T23:56:20","modified_gmt":"2023-12-13T22:56:20","slug":"izba-historyczna","status":"publish","type":"page","link":"https:\/\/gbpkozy.oriniok.pl\/index.php\/izba-historyczna\/","title":{"rendered":"Izba Historyczna"},"content":{"rendered":"\n<p>W latach 60. XX w. z inicjatywy spo\u0142ecznika Adolfa Zubera powsta\u0142o tu Ko\u0142o Historyczne, kt\u00f3rego cz\u0142onkowie szperali w lamusach, na strychach i w piwnicach. Odnajdywali od lat nieu\u017cywane sprz\u0119ty, narz\u0119dzia, maszyny, wszystko to, co mog\u0142oby co\u015b powiedzie\u0107 o tym, jak \u017cyli ich dziadowie i pradziadowie.<\/p>\n\n\n<div class=\"wp-block-image\">\n<figure class=\"aligncenter\"><img decoding=\"async\" src=\"http:\/\/gbpkozymk.oriniok.pl\/images\/izba\/izba.png\" alt=\"izba\"\/><\/figure>\n<\/div>\n\n\n<p>Z tych eksponat\u00f3w powsta\u0142a Izba Historyczna &#8211; nasze lokalne muzeum. W sk\u0142ad ekspozycji wchodz\u0105 typowe XIX. i XX. sprz\u0119ty kuchenne (ma\u015bniczki, \u017carna, wagi, \u017celazka na dusze, st\u0119pki itp.), narz\u0119dzia rolnicze (cepy, brony), narz\u0119dzia stolarskie, ule s\u0142omiane prostok\u0105tne i owalny tzw. k\u00f3szka. Znajdziemy tu pi\u0119knie malowan\u0105 skrzyni\u0119 posa\u017cn\u0105 z 1848 r., kobiecy str\u00f3j (jakle, sp\u00f3dnice, chusty, zapaski).<\/p>\n\n\n\n<p>Poza zbiorami etnograficznymi s\u0105 tak\u017ce XIX- i XX-wieczne meble z bogatych dom\u00f3w, dokumenty historyczne, rze\u017aby, obrazy. Cz\u0119\u015b\u0107 eksponat\u00f3w mie\u015bci si\u0119 w sali, do kt\u00f3rej wchodzi si\u0119 przez XVI-wieczny portal do 1899 roku otwieraj\u0105cy wej\u015bcie do dzwonnicy kozia\u0144skiego ko\u015bci\u00f3\u0142ka, dzi\u015b ju\u017c nieistniej\u0105cego.<\/p>\n\n\n\n<p>W Izbie Historycznej mieszcz\u0105cej si\u0119 w Pa\u0142acu Czecz\u00f3w, odbywaj\u0105 si\u0119 lekcje muzealne dla uczni\u00f3w, spotkania tematyczne maj\u0105ce przybli\u017cy\u0107 dzieciom i m\u0142odzie\u017cy histori\u0119 rodzinnych stron. Biblioteka posiada te\u017c poka\u017an\u0105 fototek\u0119, sk\u0142adaj\u0105c\u0105 si\u0119 ze zdj\u0119\u0107 wykonanych przez Adolfa Zubera w latach 60. XX w.<\/p>\n\n\n<style>.wp-block-kadence-advancedgallery .kb-gallery-type-masonry.kb-gallery-id-1990_2f5321-c4{margin:-5px;}.kb-gallery-type-masonry.kb-gallery-id-1990_2f5321-c4 .kadence-blocks-gallery-item{padding:5px;}.kb-gallery-id-1990_2f5321-c4 .kadence-blocks-gallery-item .kb-gal-image-radius{border-radius:0px 0px 0px 0px;}<\/style><div class=\"kb-gallery-wrap-id-1990_2f5321-c4 alignnone wp-block-kadence-advancedgallery\"><ul class=\"kb-gallery-ul kb-gallery-non-static kb-gallery-type-masonry kb-masonry-init kb-gallery-id-1990_2f5321-c4 kb-gallery-caption-style-bottom-hover kb-gallery-filter-none kb-gallery-magnific-init\" data-image-filter=\"none\" data-item-selector=\".kadence-blocks-gallery-item\" data-lightbox-caption=\"true\" data-columns-xxl=\"3\" data-columns-xl=\"3\" data-columns-md=\"3\" data-columns-sm=\"2\" data-columns-xs=\"1\" data-columns-ss=\"1\"><li class=\"kadence-blocks-gallery-item\"><div class=\"kadence-blocks-gallery-item-inner\"><figure class=\"kb-gallery-figure kb-gallery-item-has-link kadence-blocks-gallery-item-hide-caption\" \"><a href=\"http:\/\/gbpkozy.oriniok.pl\/wp-content\/uploads\/2023\/12\/izba01.jpg\" class=\"kb-gallery-item-link\"  ><div class=\"kb-gal-image-radius\" style=\"max-width:1024px;\"><div class=\"kb-gallery-image-contain kadence-blocks-gallery-intrinsic\" style=\"padding-bottom:71%;\"><img loading=\"lazy\" decoding=\"async\" src=\"http:\/\/gbpkozy.oriniok.pl\/wp-content\/uploads\/2023\/12\/izba01-1024x733.jpg\" width=\"1024\" height=\"733\" alt=\"\" data-full-image=\"http:\/\/gbpkozy.oriniok.pl\/wp-content\/uploads\/2023\/12\/izba01.jpg\" data-light-image=\"http:\/\/gbpkozy.oriniok.pl\/wp-content\/uploads\/2023\/12\/izba01.jpg\" data-id=\"1991\" class=\"wp-image-1991\" srcset=\"https:\/\/gbpkozy.oriniok.pl\/wp-content\/uploads\/2023\/12\/izba01-1024x733.jpg 1024w, https:\/\/gbpkozy.oriniok.pl\/wp-content\/uploads\/2023\/12\/izba01-300x215.jpg 300w, https:\/\/gbpkozy.oriniok.pl\/wp-content\/uploads\/2023\/12\/izba01-768x550.jpg 768w, https:\/\/gbpkozy.oriniok.pl\/wp-content\/uploads\/2023\/12\/izba01-1536x1100.jpg 1536w, https:\/\/gbpkozy.oriniok.pl\/wp-content\/uploads\/2023\/12\/izba01.jpg 1600w\" sizes=\"auto, (max-width: 1024px) 100vw, 1024px\" \/><\/div><\/div><\/a><\/figure><\/div><\/li><li class=\"kadence-blocks-gallery-item\"><div class=\"kadence-blocks-gallery-item-inner\"><figure class=\"kb-gallery-figure kb-gallery-item-has-link kadence-blocks-gallery-item-hide-caption\" \"><a href=\"http:\/\/gbpkozy.oriniok.pl\/wp-content\/uploads\/2023\/12\/izba02.jpg\" class=\"kb-gallery-item-link\"  ><div class=\"kb-gal-image-radius\" style=\"max-width:1024px;\"><div class=\"kb-gallery-image-contain kadence-blocks-gallery-intrinsic\" style=\"padding-bottom:66%;\"><img loading=\"lazy\" decoding=\"async\" src=\"http:\/\/gbpkozy.oriniok.pl\/wp-content\/uploads\/2023\/12\/izba02-1024x683.jpg\" width=\"1024\" height=\"683\" alt=\"\" data-full-image=\"http:\/\/gbpkozy.oriniok.pl\/wp-content\/uploads\/2023\/12\/izba02.jpg\" data-light-image=\"http:\/\/gbpkozy.oriniok.pl\/wp-content\/uploads\/2023\/12\/izba02.jpg\" data-id=\"1992\" class=\"wp-image-1992\" srcset=\"https:\/\/gbpkozy.oriniok.pl\/wp-content\/uploads\/2023\/12\/izba02-1024x683.jpg 1024w, https:\/\/gbpkozy.oriniok.pl\/wp-content\/uploads\/2023\/12\/izba02-300x200.jpg 300w, https:\/\/gbpkozy.oriniok.pl\/wp-content\/uploads\/2023\/12\/izba02-768x512.jpg 768w, https:\/\/gbpkozy.oriniok.pl\/wp-content\/uploads\/2023\/12\/izba02-1536x1024.jpg 1536w, https:\/\/gbpkozy.oriniok.pl\/wp-content\/uploads\/2023\/12\/izba02.jpg 1600w\" sizes=\"auto, (max-width: 1024px) 100vw, 1024px\" \/><\/div><\/div><\/a><\/figure><\/div><\/li><li class=\"kadence-blocks-gallery-item\"><div class=\"kadence-blocks-gallery-item-inner\"><figure class=\"kb-gallery-figure kb-gallery-item-has-link kadence-blocks-gallery-item-hide-caption\" \"><a href=\"http:\/\/gbpkozy.oriniok.pl\/wp-content\/uploads\/2023\/12\/izba03.jpg\" class=\"kb-gallery-item-link\"  ><div class=\"kb-gal-image-radius\" style=\"max-width:1024px;\"><div class=\"kb-gallery-image-contain kadence-blocks-gallery-intrinsic\" style=\"padding-bottom:66%;\"><img loading=\"lazy\" decoding=\"async\" src=\"http:\/\/gbpkozy.oriniok.pl\/wp-content\/uploads\/2023\/12\/izba03-1024x683.jpg\" width=\"1024\" height=\"683\" alt=\"\" data-full-image=\"http:\/\/gbpkozy.oriniok.pl\/wp-content\/uploads\/2023\/12\/izba03.jpg\" data-light-image=\"http:\/\/gbpkozy.oriniok.pl\/wp-content\/uploads\/2023\/12\/izba03.jpg\" data-id=\"1993\" class=\"wp-image-1993\" srcset=\"https:\/\/gbpkozy.oriniok.pl\/wp-content\/uploads\/2023\/12\/izba03-1024x683.jpg 1024w, https:\/\/gbpkozy.oriniok.pl\/wp-content\/uploads\/2023\/12\/izba03-300x200.jpg 300w, https:\/\/gbpkozy.oriniok.pl\/wp-content\/uploads\/2023\/12\/izba03-768x512.jpg 768w, https:\/\/gbpkozy.oriniok.pl\/wp-content\/uploads\/2023\/12\/izba03-1536x1024.jpg 1536w, https:\/\/gbpkozy.oriniok.pl\/wp-content\/uploads\/2023\/12\/izba03.jpg 1600w\" sizes=\"auto, (max-width: 1024px) 100vw, 1024px\" \/><\/div><\/div><\/a><\/figure><\/div><\/li><li class=\"kadence-blocks-gallery-item\"><div class=\"kadence-blocks-gallery-item-inner\"><figure class=\"kb-gallery-figure kb-gallery-item-has-link kadence-blocks-gallery-item-hide-caption\" \"><a href=\"http:\/\/gbpkozy.oriniok.pl\/wp-content\/uploads\/2023\/12\/izba04.jpg\" class=\"kb-gallery-item-link\"  ><div class=\"kb-gal-image-radius\" style=\"max-width:1024px;\"><div class=\"kb-gallery-image-contain kadence-blocks-gallery-intrinsic\" style=\"padding-bottom:66%;\"><img loading=\"lazy\" decoding=\"async\" src=\"http:\/\/gbpkozy.oriniok.pl\/wp-content\/uploads\/2023\/12\/izba04-1024x683.jpg\" width=\"1024\" height=\"683\" alt=\"\" data-full-image=\"http:\/\/gbpkozy.oriniok.pl\/wp-content\/uploads\/2023\/12\/izba04.jpg\" data-light-image=\"http:\/\/gbpkozy.oriniok.pl\/wp-content\/uploads\/2023\/12\/izba04.jpg\" data-id=\"1994\" class=\"wp-image-1994\" srcset=\"https:\/\/gbpkozy.oriniok.pl\/wp-content\/uploads\/2023\/12\/izba04-1024x683.jpg 1024w, https:\/\/gbpkozy.oriniok.pl\/wp-content\/uploads\/2023\/12\/izba04-300x200.jpg 300w, https:\/\/gbpkozy.oriniok.pl\/wp-content\/uploads\/2023\/12\/izba04-768x512.jpg 768w, https:\/\/gbpkozy.oriniok.pl\/wp-content\/uploads\/2023\/12\/izba04-1536x1024.jpg 1536w, https:\/\/gbpkozy.oriniok.pl\/wp-content\/uploads\/2023\/12\/izba04.jpg 1600w\" sizes=\"auto, (max-width: 1024px) 100vw, 1024px\" \/><\/div><\/div><\/a><\/figure><\/div><\/li><li class=\"kadence-blocks-gallery-item\"><div class=\"kadence-blocks-gallery-item-inner\"><figure class=\"kb-gallery-figure kb-gallery-item-has-link kadence-blocks-gallery-item-hide-caption\" \"><a href=\"http:\/\/gbpkozy.oriniok.pl\/wp-content\/uploads\/2023\/12\/izba05.jpg\" class=\"kb-gallery-item-link\"  ><div class=\"kb-gal-image-radius\" style=\"max-width:1024px;\"><div class=\"kb-gallery-image-contain kadence-blocks-gallery-intrinsic\" style=\"padding-bottom:60%;\"><img loading=\"lazy\" decoding=\"async\" src=\"http:\/\/gbpkozy.oriniok.pl\/wp-content\/uploads\/2023\/12\/izba05-1024x622.jpg\" width=\"1024\" height=\"622\" alt=\"\" data-full-image=\"http:\/\/gbpkozy.oriniok.pl\/wp-content\/uploads\/2023\/12\/izba05.jpg\" data-light-image=\"http:\/\/gbpkozy.oriniok.pl\/wp-content\/uploads\/2023\/12\/izba05.jpg\" data-id=\"1995\" class=\"wp-image-1995\" srcset=\"https:\/\/gbpkozy.oriniok.pl\/wp-content\/uploads\/2023\/12\/izba05-1024x622.jpg 1024w, https:\/\/gbpkozy.oriniok.pl\/wp-content\/uploads\/2023\/12\/izba05-300x182.jpg 300w, https:\/\/gbpkozy.oriniok.pl\/wp-content\/uploads\/2023\/12\/izba05-768x467.jpg 768w, https:\/\/gbpkozy.oriniok.pl\/wp-content\/uploads\/2023\/12\/izba05-1536x933.jpg 1536w, https:\/\/gbpkozy.oriniok.pl\/wp-content\/uploads\/2023\/12\/izba05.jpg 1600w\" sizes=\"auto, (max-width: 1024px) 100vw, 1024px\" \/><\/div><\/div><\/a><\/figure><\/div><\/li><li class=\"kadence-blocks-gallery-item\"><div class=\"kadence-blocks-gallery-item-inner\"><figure class=\"kb-gallery-figure kb-gallery-item-has-link kadence-blocks-gallery-item-hide-caption\" \"><a href=\"http:\/\/gbpkozy.oriniok.pl\/wp-content\/uploads\/2023\/12\/izba06.jpg\" class=\"kb-gallery-item-link\"  ><div class=\"kb-gal-image-radius\" style=\"max-width:1024px;\"><div class=\"kb-gallery-image-contain kadence-blocks-gallery-intrinsic\" style=\"padding-bottom:66%;\"><img loading=\"lazy\" decoding=\"async\" src=\"http:\/\/gbpkozy.oriniok.pl\/wp-content\/uploads\/2023\/12\/izba06-1024x683.jpg\" width=\"1024\" height=\"683\" alt=\"\" data-full-image=\"http:\/\/gbpkozy.oriniok.pl\/wp-content\/uploads\/2023\/12\/izba06.jpg\" data-light-image=\"http:\/\/gbpkozy.oriniok.pl\/wp-content\/uploads\/2023\/12\/izba06.jpg\" data-id=\"1996\" class=\"wp-image-1996\" srcset=\"https:\/\/gbpkozy.oriniok.pl\/wp-content\/uploads\/2023\/12\/izba06-1024x683.jpg 1024w, https:\/\/gbpkozy.oriniok.pl\/wp-content\/uploads\/2023\/12\/izba06-300x200.jpg 300w, https:\/\/gbpkozy.oriniok.pl\/wp-content\/uploads\/2023\/12\/izba06-768x512.jpg 768w, https:\/\/gbpkozy.oriniok.pl\/wp-content\/uploads\/2023\/12\/izba06-1536x1024.jpg 1536w, https:\/\/gbpkozy.oriniok.pl\/wp-content\/uploads\/2023\/12\/izba06.jpg 1600w\" sizes=\"auto, (max-width: 1024px) 100vw, 1024px\" \/><\/div><\/div><\/a><\/figure><\/div><\/li><li class=\"kadence-blocks-gallery-item\"><div class=\"kadence-blocks-gallery-item-inner\"><figure class=\"kb-gallery-figure kb-gallery-item-has-link kadence-blocks-gallery-item-hide-caption\" \"><a href=\"http:\/\/gbpkozy.oriniok.pl\/wp-content\/uploads\/2023\/12\/izba07.jpg\" class=\"kb-gallery-item-link\"  ><div class=\"kb-gal-image-radius\" style=\"max-width:1024px;\"><div class=\"kb-gallery-image-contain kadence-blocks-gallery-intrinsic\" style=\"padding-bottom:66%;\"><img loading=\"lazy\" decoding=\"async\" src=\"http:\/\/gbpkozy.oriniok.pl\/wp-content\/uploads\/2023\/12\/izba07-1024x683.jpg\" width=\"1024\" height=\"683\" alt=\"\" data-full-image=\"http:\/\/gbpkozy.oriniok.pl\/wp-content\/uploads\/2023\/12\/izba07.jpg\" data-light-image=\"http:\/\/gbpkozy.oriniok.pl\/wp-content\/uploads\/2023\/12\/izba07.jpg\" data-id=\"1997\" class=\"wp-image-1997\" srcset=\"https:\/\/gbpkozy.oriniok.pl\/wp-content\/uploads\/2023\/12\/izba07-1024x683.jpg 1024w, https:\/\/gbpkozy.oriniok.pl\/wp-content\/uploads\/2023\/12\/izba07-300x200.jpg 300w, https:\/\/gbpkozy.oriniok.pl\/wp-content\/uploads\/2023\/12\/izba07-768x512.jpg 768w, https:\/\/gbpkozy.oriniok.pl\/wp-content\/uploads\/2023\/12\/izba07-1536x1024.jpg 1536w, https:\/\/gbpkozy.oriniok.pl\/wp-content\/uploads\/2023\/12\/izba07.jpg 1600w\" sizes=\"auto, (max-width: 1024px) 100vw, 1024px\" \/><\/div><\/div><\/a><\/figure><\/div><\/li><li class=\"kadence-blocks-gallery-item\"><div class=\"kadence-blocks-gallery-item-inner\"><figure class=\"kb-gallery-figure kb-gallery-item-has-link kadence-blocks-gallery-item-hide-caption\" \"><a href=\"http:\/\/gbpkozy.oriniok.pl\/wp-content\/uploads\/2023\/12\/izba10.jpg\" class=\"kb-gallery-item-link\"  ><div class=\"kb-gal-image-radius\" style=\"max-width:779px;\"><div class=\"kb-gallery-image-contain kadence-blocks-gallery-intrinsic\" style=\"padding-bottom:131%;\"><img loading=\"lazy\" decoding=\"async\" src=\"http:\/\/gbpkozy.oriniok.pl\/wp-content\/uploads\/2023\/12\/izba10-779x1024.jpg\" width=\"779\" height=\"1024\" alt=\"\" data-full-image=\"http:\/\/gbpkozy.oriniok.pl\/wp-content\/uploads\/2023\/12\/izba10.jpg\" data-light-image=\"http:\/\/gbpkozy.oriniok.pl\/wp-content\/uploads\/2023\/12\/izba10.jpg\" data-id=\"2000\" class=\"wp-image-2000\" srcset=\"https:\/\/gbpkozy.oriniok.pl\/wp-content\/uploads\/2023\/12\/izba10-779x1024.jpg 779w, https:\/\/gbpkozy.oriniok.pl\/wp-content\/uploads\/2023\/12\/izba10-228x300.jpg 228w, https:\/\/gbpkozy.oriniok.pl\/wp-content\/uploads\/2023\/12\/izba10-768x1010.jpg 768w, https:\/\/gbpkozy.oriniok.pl\/wp-content\/uploads\/2023\/12\/izba10-1168x1536.jpg 1168w, https:\/\/gbpkozy.oriniok.pl\/wp-content\/uploads\/2023\/12\/izba10-1557x2048.jpg 1557w, https:\/\/gbpkozy.oriniok.pl\/wp-content\/uploads\/2023\/12\/izba10.jpg 1600w\" sizes=\"auto, (max-width: 779px) 100vw, 779px\" \/><\/div><\/div><\/a><\/figure><\/div><\/li><li class=\"kadence-blocks-gallery-item\"><div class=\"kadence-blocks-gallery-item-inner\"><figure class=\"kb-gallery-figure kb-gallery-item-has-link kadence-blocks-gallery-item-hide-caption\" \"><a href=\"http:\/\/gbpkozy.oriniok.pl\/wp-content\/uploads\/2023\/12\/izba08.jpg\" class=\"kb-gallery-item-link\"  ><div class=\"kb-gal-image-radius\" style=\"max-width:1024px;\"><div class=\"kb-gallery-image-contain kadence-blocks-gallery-intrinsic\" style=\"padding-bottom:66%;\"><img loading=\"lazy\" decoding=\"async\" src=\"http:\/\/gbpkozy.oriniok.pl\/wp-content\/uploads\/2023\/12\/izba08-1024x683.jpg\" width=\"1024\" height=\"683\" alt=\"\" data-full-image=\"http:\/\/gbpkozy.oriniok.pl\/wp-content\/uploads\/2023\/12\/izba08.jpg\" data-light-image=\"http:\/\/gbpkozy.oriniok.pl\/wp-content\/uploads\/2023\/12\/izba08.jpg\" data-id=\"1998\" class=\"wp-image-1998\" srcset=\"https:\/\/gbpkozy.oriniok.pl\/wp-content\/uploads\/2023\/12\/izba08-1024x683.jpg 1024w, https:\/\/gbpkozy.oriniok.pl\/wp-content\/uploads\/2023\/12\/izba08-300x200.jpg 300w, https:\/\/gbpkozy.oriniok.pl\/wp-content\/uploads\/2023\/12\/izba08-768x512.jpg 768w, https:\/\/gbpkozy.oriniok.pl\/wp-content\/uploads\/2023\/12\/izba08-1536x1024.jpg 1536w, https:\/\/gbpkozy.oriniok.pl\/wp-content\/uploads\/2023\/12\/izba08.jpg 1600w\" sizes=\"auto, (max-width: 1024px) 100vw, 1024px\" \/><\/div><\/div><\/a><\/figure><\/div><\/li><li class=\"kadence-blocks-gallery-item\"><div class=\"kadence-blocks-gallery-item-inner\"><figure class=\"kb-gallery-figure kb-gallery-item-has-link kadence-blocks-gallery-item-hide-caption\" \"><a href=\"http:\/\/gbpkozy.oriniok.pl\/wp-content\/uploads\/2023\/12\/izba09.jpg\" class=\"kb-gallery-item-link\"  ><div class=\"kb-gal-image-radius\" style=\"max-width:927px;\"><div class=\"kb-gallery-image-contain kadence-blocks-gallery-intrinsic\" style=\"padding-bottom:110%;\"><img loading=\"lazy\" decoding=\"async\" src=\"http:\/\/gbpkozy.oriniok.pl\/wp-content\/uploads\/2023\/12\/izba09-927x1024.jpg\" width=\"927\" height=\"1024\" alt=\"\" data-full-image=\"http:\/\/gbpkozy.oriniok.pl\/wp-content\/uploads\/2023\/12\/izba09.jpg\" data-light-image=\"http:\/\/gbpkozy.oriniok.pl\/wp-content\/uploads\/2023\/12\/izba09.jpg\" data-id=\"1999\" class=\"wp-image-1999\" srcset=\"https:\/\/gbpkozy.oriniok.pl\/wp-content\/uploads\/2023\/12\/izba09-927x1024.jpg 927w, https:\/\/gbpkozy.oriniok.pl\/wp-content\/uploads\/2023\/12\/izba09-272x300.jpg 272w, https:\/\/gbpkozy.oriniok.pl\/wp-content\/uploads\/2023\/12\/izba09-768x848.jpg 768w, https:\/\/gbpkozy.oriniok.pl\/wp-content\/uploads\/2023\/12\/izba09-1391x1536.jpg 1391w, https:\/\/gbpkozy.oriniok.pl\/wp-content\/uploads\/2023\/12\/izba09.jpg 1600w\" sizes=\"auto, (max-width: 927px) 100vw, 927px\" \/><\/div><\/div><\/a><\/figure><\/div><\/li><\/ul><\/div>","protected":false},"excerpt":{"rendered":"<p>W latach 60. XX w. z inicjatywy spo\u0142ecznika Adolfa Zubera powsta\u0142o tu Ko\u0142o Historyczne, kt\u00f3rego cz\u0142onkowie szperali w lamusach, na strychach i w piwnicach. Odnajdywali od lat nieu\u017cywane sprz\u0119ty, narz\u0119dzia, maszyny, wszystko to, co mog\u0142oby co\u015b powiedzie\u0107 o tym, jak \u017cyli ich dziadowie i pradziadowie. Z tych eksponat\u00f3w powsta\u0142a Izba Historyczna &#8211; nasze lokalne muzeum&#8230;.<\/p>\n","protected":false},"author":1,"featured_media":0,"parent":0,"menu_order":0,"comment_status":"closed","ping_status":"closed","template":"","meta":{"_kadence_starter_templates_imported_post":false,"_kad_post_transparent":"","_kad_post_title":"","_kad_post_layout":"","_kad_post_sidebar_id":"","_kad_post_content_style":"","_kad_post_vertical_padding":"","_kad_post_feature":"","_kad_post_feature_position":"","_kad_post_header":false,"_kad_post_footer":false,"footnotes":""},"class_list":["post-1990","page","type-page","status-publish","hentry"],"_links":{"self":[{"href":"https:\/\/gbpkozy.oriniok.pl\/index.php\/wp-json\/wp\/v2\/pages\/1990","targetHints":{"allow":["GET"]}}],"collection":[{"href":"https:\/\/gbpkozy.oriniok.pl\/index.php\/wp-json\/wp\/v2\/pages"}],"about":[{"href":"https:\/\/gbpkozy.oriniok.pl\/index.php\/wp-json\/wp\/v2\/types\/page"}],"author":[{"embeddable":true,"href":"https:\/\/gbpkozy.oriniok.pl\/index.php\/wp-json\/wp\/v2\/users\/1"}],"replies":[{"embeddable":true,"href":"https:\/\/gbpkozy.oriniok.pl\/index.php\/wp-json\/wp\/v2\/comments?post=1990"}],"version-history":[{"count":1,"href":"https:\/\/gbpkozy.oriniok.pl\/index.php\/wp-json\/wp\/v2\/pages\/1990\/revisions"}],"predecessor-version":[{"id":2001,"href":"https:\/\/gbpkozy.oriniok.pl\/index.php\/wp-json\/wp\/v2\/pages\/1990\/revisions\/2001"}],"wp:attachment":[{"href":"https:\/\/gbpkozy.oriniok.pl\/index.php\/wp-json\/wp\/v2\/media?parent=1990"}],"curies":[{"name":"wp","href":"https:\/\/api.w.org\/{rel}","templated":true}]}}