{"id":1961,"date":"2023-12-13T22:53:23","date_gmt":"2023-12-13T21:53:23","guid":{"rendered":"http:\/\/gbpkozy.oriniok.pl\/?page_id=1961"},"modified":"2023-12-13T22:53:23","modified_gmt":"2023-12-13T21:53:23","slug":"historia-biblioteki","status":"publish","type":"page","link":"https:\/\/gbpkozy.oriniok.pl\/index.php\/historia-biblioteki\/","title":{"rendered":"Historia biblioteki"},"content":{"rendered":"\n<p>Gminna Biblioteka Publiczna istnieje w Kozach od 1946 r. 3 maja 1946 r. pani Janina Du\u017aniak (z domu Ho\u0142uj &#8211; siostra \u015b.p. Agnieszki Dobrakowskiej) wpisa\u0142a do inwentarza biblioteki publicznej w Kozach pierwsz\u0105 ksi\u0105\u017ck\u0119: Wyspia\u0144ski Stan. &#8211; Dramaty tom I. Biblioteka mie\u015bci\u0142a si\u0119 w\u00f3wczas w jej rodzinnym domu przy ul. Dworcowej. W okresie 1947-1954 bibliotek\u0119 publiczn\u0105 prowadzi\u0142 Zbigniew Majcherowicz, syn kierownika Szko\u0142y Powszechnej w Kozach. Wtedy istnia\u0142 tak\u017ce punkt biblioteczny w Kozach-Zagroda. Ksi\u0119gozbi\u00f3r Biblioteki sk\u0142ada\u0142 si\u0119 z ksi\u0105\u017cek darowanych przez mieszka\u0144c\u00f3w K\u00f3z, jak r\u00f3wnie\u017c z ksi\u0105\u017cek dopo\u017cyczanych w Gromadzkiej Bibliotece w Komorowicach, a nast\u0119pnie w Powiatowej Bibliotece w Bielsku-Bia\u0142ej, kt\u00f3rym to kolejno podlega\u0142a nasza Biblioteka w okresie, kiedy Kozy nale\u017ca\u0142y do Gminy Zbiorczej Bia\u0142a Wie\u015b.<\/p>\n\n\n\n<p>1 stycznia 1954 r. rozpocz\u0119\u0142a prac\u0119 w Bibliotece pani Janina W\u0142odyga (z domu Handzlik). Ksi\u0119gozbi\u00f3r liczy\u0142 w\u00f3wczas 427 wolumin\u00f3w i mie\u015bci\u0142 si\u0119 w dw\u00f3ch szafach. Od 1955 r. Biblioteka w Kozach nosi nazw\u0119 Gromadzka Biblioteka Publiczna i zajmuje kolejno pomieszczenia w Domu Ludowym: na pi\u0119trze &#8211; jednoizbowe do 1969 r., na parterze po lewej stronie &#8211; dwuizbowe, a kilka lat p\u00f3\u017aniej obszerne po prawej stronie, gdzie mo\u017cna by\u0142o urz\u0105dzi\u0107 tak\u017ce czytelni\u0119. W latach 1960-1968 dzia\u0142a\u0142 punkt biblioteczny w Ma\u0142ych Kozach prowadzony przez W\u0142adys\u0142awa Olka.<\/p>\n\n\n\n<p>3 marca 1968 r. prac\u0119 w Bibliotece rozpoczyna druga bibliotekarka &#8211; Hildegarda Owczarz. Poza udost\u0119pnianiem ksi\u0105\u017cek w Bibliotece odbywaj\u0105 si\u0119 spotkania autorskie, odczyty, wieczory poezji. Zmiany administracyjne z 1973 r. poci\u0105gn\u0119\u0142y za sob\u0105 przemianowanie nazwy Biblioteki na: Gminna Biblioteka Publiczna. Szczeg\u00f3lny rozkwit tej plac\u00f3wki nast\u0105pi\u0142 w ostatnim dwudziestoleciu, a zw\u0142aszcza po przeniesieniu jej do budynku przy ul. Bielskiej 17, kt\u00f3ry dzi\u0119ki staraniom pani Janiny W\u0142odygowej i \u00f3wczesnej w\u0142adzy lokalnej zosta\u0142 w latach 80. wyremontowany i zaadaptowany na pomieszczenia biblioteczne. Siedziba Gminnej Biblioteki Publicznej przy ul. Bielskiej 17 zajmuje powierzchni\u0119 110 m<sup>2<\/sup>, a od listopada 1992 r. w strukturze organizacyjnej Biblioteki znajduje si\u0119 r\u00f3wnie\u017c Izba Historyczna im. Adolfa Zubera, kt\u00f3ra zajmuje identyczn\u0105 powierzchni\u0119 na poddaszu budynku i spe\u0142nia rol\u0119 lokalnego muzeum.<\/p>\n\n\n\n<p>Od marca 2014 r. biblioteka znajduje si\u0119 w odrestaurowanym Pa\u0142acu Czecz\u00f3w. Zajmuje pomieszczenia na parterze i pi\u0119trze o powierzchni 451,09 m kw. Posiada jedn\u0105 fili\u0119 przy ul. Przeczniej 64.<\/p>\n\n\n\n<p>Zbiory s\u0105 ca\u0142kowicie skomputeryzowane,&nbsp; biblioteka ma w\u0142asn\u0105 stron\u0119 internetow\u0105 i profil w portalu facebook, prowadzi szerok\u0105 dzia\u0142alno\u015b\u0107 pozaczytelnicz\u0105, aplikuje o \u015brodki zewn\u0119trzne, wsp\u00f3\u0142pracuje z wieloma \u015brodowiskami. Od 2014 roku jest wydawc\u0105 miesi\u0119cznika samorz\u0105dowego \u201eKozia\u0144skie Wiadomo\u015bci\u201d.&nbsp;<\/p>\n\n\n<style>.wp-block-kadence-advancedgallery .kb-gallery-type-masonry.kb-gallery-id-1961_af1f14-81{margin:-5px;}.kb-gallery-type-masonry.kb-gallery-id-1961_af1f14-81 .kadence-blocks-gallery-item{padding:5px;}.kb-gallery-id-1961_af1f14-81 .kadence-blocks-gallery-item .kb-gal-image-radius{border-radius:0px 0px 0px 0px;}<\/style><div class=\"kb-gallery-wrap-id-1961_af1f14-81 alignnone wp-block-kadence-advancedgallery\"><ul class=\"kb-gallery-ul kb-gallery-non-static kb-gallery-type-masonry kb-masonry-init kb-gallery-id-1961_af1f14-81 kb-gallery-caption-style-bottom-hover kb-gallery-filter-none kb-gallery-magnific-init\" data-image-filter=\"none\" data-item-selector=\".kadence-blocks-gallery-item\" data-lightbox-caption=\"true\" data-columns-xxl=\"2\" data-columns-xl=\"2\" data-columns-md=\"2\" data-columns-sm=\"2\" data-columns-xs=\"1\" data-columns-ss=\"1\"><li class=\"kadence-blocks-gallery-item\"><div class=\"kadence-blocks-gallery-item-inner\"><figure class=\"kb-gallery-figure kb-gallery-item-has-link kadence-blocks-gallery-item-hide-caption\" \"><a href=\"http:\/\/gbpkozy.oriniok.pl\/wp-content\/uploads\/2023\/12\/biblioteka.jpg\" data-alt=\"Wn\u0119trze biblioteki w kozach, na pierwszym planie\" class=\"kb-gallery-item-link\"  ><div class=\"kb-gal-image-radius\" style=\"max-width:1024px;\"><div class=\"kb-gallery-image-contain kadence-blocks-gallery-intrinsic\" style=\"padding-bottom:66%;\"><img loading=\"lazy\" decoding=\"async\" src=\"http:\/\/gbpkozy.oriniok.pl\/wp-content\/uploads\/2023\/12\/biblioteka-1024x683.jpg\" width=\"1024\" height=\"683\" alt=\"Wn\u0119trze biblioteki w kozach, na pierwszym planie\" data-full-image=\"http:\/\/gbpkozy.oriniok.pl\/wp-content\/uploads\/2023\/12\/biblioteka.jpg\" data-light-image=\"http:\/\/gbpkozy.oriniok.pl\/wp-content\/uploads\/2023\/12\/biblioteka.jpg\" data-id=\"1963\" class=\"wp-image-1963\" srcset=\"https:\/\/gbpkozy.oriniok.pl\/wp-content\/uploads\/2023\/12\/biblioteka-1024x683.jpg 1024w, https:\/\/gbpkozy.oriniok.pl\/wp-content\/uploads\/2023\/12\/biblioteka-300x200.jpg 300w, https:\/\/gbpkozy.oriniok.pl\/wp-content\/uploads\/2023\/12\/biblioteka-768x512.jpg 768w, https:\/\/gbpkozy.oriniok.pl\/wp-content\/uploads\/2023\/12\/biblioteka-1536x1024.jpg 1536w, https:\/\/gbpkozy.oriniok.pl\/wp-content\/uploads\/2023\/12\/biblioteka.jpg 1600w\" sizes=\"auto, (max-width: 1024px) 100vw, 1024px\" \/><\/div><\/div><\/a><\/figure><\/div><\/li><li class=\"kadence-blocks-gallery-item\"><div class=\"kadence-blocks-gallery-item-inner\"><figure class=\"kb-gallery-figure kb-gallery-item-has-link kadence-blocks-gallery-item-hide-caption\" \"><a href=\"http:\/\/gbpkozy.oriniok.pl\/wp-content\/uploads\/2023\/12\/biblioteka2.jpg\" class=\"kb-gallery-item-link\"  ><div class=\"kb-gal-image-radius\" style=\"max-width:1024px;\"><div class=\"kb-gallery-image-contain kadence-blocks-gallery-intrinsic\" style=\"padding-bottom:66%;\"><img loading=\"lazy\" decoding=\"async\" src=\"http:\/\/gbpkozy.oriniok.pl\/wp-content\/uploads\/2023\/12\/biblioteka2-1024x683.jpg\" width=\"1024\" height=\"683\" alt=\"\" data-full-image=\"http:\/\/gbpkozy.oriniok.pl\/wp-content\/uploads\/2023\/12\/biblioteka2.jpg\" data-light-image=\"http:\/\/gbpkozy.oriniok.pl\/wp-content\/uploads\/2023\/12\/biblioteka2.jpg\" data-id=\"1964\" class=\"wp-image-1964\" srcset=\"https:\/\/gbpkozy.oriniok.pl\/wp-content\/uploads\/2023\/12\/biblioteka2-1024x683.jpg 1024w, https:\/\/gbpkozy.oriniok.pl\/wp-content\/uploads\/2023\/12\/biblioteka2-300x200.jpg 300w, https:\/\/gbpkozy.oriniok.pl\/wp-content\/uploads\/2023\/12\/biblioteka2-768x512.jpg 768w, https:\/\/gbpkozy.oriniok.pl\/wp-content\/uploads\/2023\/12\/biblioteka2-1536x1024.jpg 1536w, https:\/\/gbpkozy.oriniok.pl\/wp-content\/uploads\/2023\/12\/biblioteka2.jpg 1600w\" sizes=\"auto, (max-width: 1024px) 100vw, 1024px\" \/><\/div><\/div><\/a><\/figure><\/div><\/li><li class=\"kadence-blocks-gallery-item\"><div class=\"kadence-blocks-gallery-item-inner\"><figure class=\"kb-gallery-figure kb-gallery-item-has-link kadence-blocks-gallery-item-hide-caption\" \"><a href=\"http:\/\/gbpkozy.oriniok.pl\/wp-content\/uploads\/2023\/12\/czytelnia.jpg\" class=\"kb-gallery-item-link\"  ><div class=\"kb-gal-image-radius\" style=\"max-width:1024px;\"><div class=\"kb-gallery-image-contain kadence-blocks-gallery-intrinsic\" style=\"padding-bottom:66%;\"><img loading=\"lazy\" decoding=\"async\" src=\"http:\/\/gbpkozy.oriniok.pl\/wp-content\/uploads\/2023\/12\/czytelnia-1024x683.jpg\" width=\"1024\" height=\"683\" alt=\"\" data-full-image=\"http:\/\/gbpkozy.oriniok.pl\/wp-content\/uploads\/2023\/12\/czytelnia.jpg\" data-light-image=\"http:\/\/gbpkozy.oriniok.pl\/wp-content\/uploads\/2023\/12\/czytelnia.jpg\" data-id=\"1965\" class=\"wp-image-1965\" srcset=\"https:\/\/gbpkozy.oriniok.pl\/wp-content\/uploads\/2023\/12\/czytelnia-1024x683.jpg 1024w, https:\/\/gbpkozy.oriniok.pl\/wp-content\/uploads\/2023\/12\/czytelnia-300x200.jpg 300w, https:\/\/gbpkozy.oriniok.pl\/wp-content\/uploads\/2023\/12\/czytelnia-768x512.jpg 768w, https:\/\/gbpkozy.oriniok.pl\/wp-content\/uploads\/2023\/12\/czytelnia-1536x1024.jpg 1536w, https:\/\/gbpkozy.oriniok.pl\/wp-content\/uploads\/2023\/12\/czytelnia.jpg 1600w\" sizes=\"auto, (max-width: 1024px) 100vw, 1024px\" \/><\/div><\/div><\/a><\/figure><\/div><\/li><li class=\"kadence-blocks-gallery-item\"><div class=\"kadence-blocks-gallery-item-inner\"><figure class=\"kb-gallery-figure kb-gallery-item-has-link kadence-blocks-gallery-item-hide-caption\" \"><a href=\"http:\/\/gbpkozy.oriniok.pl\/wp-content\/uploads\/2023\/12\/czytelnia2.jpg\" class=\"kb-gallery-item-link\"  ><div class=\"kb-gal-image-radius\" style=\"max-width:1024px;\"><div class=\"kb-gallery-image-contain kadence-blocks-gallery-intrinsic\" style=\"padding-bottom:65%;\"><img loading=\"lazy\" decoding=\"async\" src=\"http:\/\/gbpkozy.oriniok.pl\/wp-content\/uploads\/2023\/12\/czytelnia2-1024x674.jpg\" width=\"1024\" height=\"674\" alt=\"\" data-full-image=\"http:\/\/gbpkozy.oriniok.pl\/wp-content\/uploads\/2023\/12\/czytelnia2.jpg\" data-light-image=\"http:\/\/gbpkozy.oriniok.pl\/wp-content\/uploads\/2023\/12\/czytelnia2.jpg\" data-id=\"1966\" class=\"wp-image-1966\" srcset=\"https:\/\/gbpkozy.oriniok.pl\/wp-content\/uploads\/2023\/12\/czytelnia2-1024x674.jpg 1024w, https:\/\/gbpkozy.oriniok.pl\/wp-content\/uploads\/2023\/12\/czytelnia2-300x197.jpg 300w, https:\/\/gbpkozy.oriniok.pl\/wp-content\/uploads\/2023\/12\/czytelnia2-768x505.jpg 768w, https:\/\/gbpkozy.oriniok.pl\/wp-content\/uploads\/2023\/12\/czytelnia2-1536x1011.jpg 1536w, https:\/\/gbpkozy.oriniok.pl\/wp-content\/uploads\/2023\/12\/czytelnia2.jpg 1600w\" sizes=\"auto, (max-width: 1024px) 100vw, 1024px\" \/><\/div><\/div><\/a><\/figure><\/div><\/li><li class=\"kadence-blocks-gallery-item\"><div class=\"kadence-blocks-gallery-item-inner\"><figure class=\"kb-gallery-figure kb-gallery-item-has-link kadence-blocks-gallery-item-hide-caption\" \"><a href=\"http:\/\/gbpkozy.oriniok.pl\/wp-content\/uploads\/2023\/12\/gbp.jpg\" class=\"kb-gallery-item-link\"  ><div class=\"kb-gal-image-radius\" style=\"max-width:1024px;\"><div class=\"kb-gallery-image-contain kadence-blocks-gallery-intrinsic\" style=\"padding-bottom:66%;\"><img loading=\"lazy\" decoding=\"async\" src=\"http:\/\/gbpkozy.oriniok.pl\/wp-content\/uploads\/2023\/12\/gbp-1024x683.jpg\" width=\"1024\" height=\"683\" alt=\"\" data-full-image=\"http:\/\/gbpkozy.oriniok.pl\/wp-content\/uploads\/2023\/12\/gbp.jpg\" data-light-image=\"http:\/\/gbpkozy.oriniok.pl\/wp-content\/uploads\/2023\/12\/gbp.jpg\" data-id=\"1967\" class=\"wp-image-1967\" srcset=\"https:\/\/gbpkozy.oriniok.pl\/wp-content\/uploads\/2023\/12\/gbp-1024x683.jpg 1024w, https:\/\/gbpkozy.oriniok.pl\/wp-content\/uploads\/2023\/12\/gbp-300x200.jpg 300w, https:\/\/gbpkozy.oriniok.pl\/wp-content\/uploads\/2023\/12\/gbp-768x512.jpg 768w, https:\/\/gbpkozy.oriniok.pl\/wp-content\/uploads\/2023\/12\/gbp-1536x1024.jpg 1536w, https:\/\/gbpkozy.oriniok.pl\/wp-content\/uploads\/2023\/12\/gbp.jpg 1600w\" sizes=\"auto, (max-width: 1024px) 100vw, 1024px\" \/><\/div><\/div><\/a><\/figure><\/div><\/li><li class=\"kadence-blocks-gallery-item\"><div class=\"kadence-blocks-gallery-item-inner\"><figure class=\"kb-gallery-figure kb-gallery-item-has-link kadence-blocks-gallery-item-hide-caption\" \"><a href=\"http:\/\/gbpkozy.oriniok.pl\/wp-content\/uploads\/2023\/12\/kocikdladzieci.jpg\" class=\"kb-gallery-item-link\"  ><div class=\"kb-gal-image-radius\" style=\"max-width:1024px;\"><div class=\"kb-gallery-image-contain kadence-blocks-gallery-intrinsic\" style=\"padding-bottom:66%;\"><img loading=\"lazy\" decoding=\"async\" src=\"http:\/\/gbpkozy.oriniok.pl\/wp-content\/uploads\/2023\/12\/kocikdladzieci-1024x683.jpg\" width=\"1024\" height=\"683\" alt=\"\" data-full-image=\"http:\/\/gbpkozy.oriniok.pl\/wp-content\/uploads\/2023\/12\/kocikdladzieci.jpg\" data-light-image=\"http:\/\/gbpkozy.oriniok.pl\/wp-content\/uploads\/2023\/12\/kocikdladzieci.jpg\" data-id=\"1968\" class=\"wp-image-1968\" srcset=\"https:\/\/gbpkozy.oriniok.pl\/wp-content\/uploads\/2023\/12\/kocikdladzieci-1024x683.jpg 1024w, https:\/\/gbpkozy.oriniok.pl\/wp-content\/uploads\/2023\/12\/kocikdladzieci-300x200.jpg 300w, https:\/\/gbpkozy.oriniok.pl\/wp-content\/uploads\/2023\/12\/kocikdladzieci-768x512.jpg 768w, https:\/\/gbpkozy.oriniok.pl\/wp-content\/uploads\/2023\/12\/kocikdladzieci-1536x1024.jpg 1536w, https:\/\/gbpkozy.oriniok.pl\/wp-content\/uploads\/2023\/12\/kocikdladzieci.jpg 1600w\" sizes=\"auto, (max-width: 1024px) 100vw, 1024px\" \/><\/div><\/div><\/a><\/figure><\/div><\/li><li class=\"kadence-blocks-gallery-item\"><div class=\"kadence-blocks-gallery-item-inner\"><figure class=\"kb-gallery-figure kb-gallery-item-has-link kadence-blocks-gallery-item-hide-caption\" \"><a href=\"http:\/\/gbpkozy.oriniok.pl\/wp-content\/uploads\/2023\/12\/palac2.jpg\" class=\"kb-gallery-item-link\"  ><div class=\"kb-gal-image-radius\" style=\"max-width:1024px;\"><div class=\"kb-gallery-image-contain kadence-blocks-gallery-intrinsic\" style=\"padding-bottom:53%;\"><img loading=\"lazy\" decoding=\"async\" src=\"http:\/\/gbpkozy.oriniok.pl\/wp-content\/uploads\/2023\/12\/palac2-1024x545.jpg\" width=\"1024\" height=\"545\" alt=\"\" data-full-image=\"http:\/\/gbpkozy.oriniok.pl\/wp-content\/uploads\/2023\/12\/palac2.jpg\" data-light-image=\"http:\/\/gbpkozy.oriniok.pl\/wp-content\/uploads\/2023\/12\/palac2.jpg\" data-id=\"1970\" class=\"wp-image-1970\" srcset=\"https:\/\/gbpkozy.oriniok.pl\/wp-content\/uploads\/2023\/12\/palac2-1024x545.jpg 1024w, https:\/\/gbpkozy.oriniok.pl\/wp-content\/uploads\/2023\/12\/palac2-300x160.jpg 300w, https:\/\/gbpkozy.oriniok.pl\/wp-content\/uploads\/2023\/12\/palac2-768x408.jpg 768w, https:\/\/gbpkozy.oriniok.pl\/wp-content\/uploads\/2023\/12\/palac2-1536x817.jpg 1536w, https:\/\/gbpkozy.oriniok.pl\/wp-content\/uploads\/2023\/12\/palac2.jpg 1600w\" sizes=\"auto, (max-width: 1024px) 100vw, 1024px\" \/><\/div><\/div><\/a><\/figure><\/div><\/li><li class=\"kadence-blocks-gallery-item\"><div class=\"kadence-blocks-gallery-item-inner\"><figure class=\"kb-gallery-figure kb-gallery-item-has-link kadence-blocks-gallery-item-hide-caption\" \"><a href=\"http:\/\/gbpkozy.oriniok.pl\/wp-content\/uploads\/2023\/12\/palac3.jpg\" class=\"kb-gallery-item-link\"  ><div class=\"kb-gal-image-radius\" style=\"max-width:1024px;\"><div class=\"kb-gallery-image-contain kadence-blocks-gallery-intrinsic\" style=\"padding-bottom:58%;\"><img loading=\"lazy\" decoding=\"async\" src=\"http:\/\/gbpkozy.oriniok.pl\/wp-content\/uploads\/2023\/12\/palac3-1024x603.jpg\" width=\"1024\" height=\"603\" alt=\"\" data-full-image=\"http:\/\/gbpkozy.oriniok.pl\/wp-content\/uploads\/2023\/12\/palac3.jpg\" data-light-image=\"http:\/\/gbpkozy.oriniok.pl\/wp-content\/uploads\/2023\/12\/palac3.jpg\" data-id=\"1971\" class=\"wp-image-1971\" srcset=\"https:\/\/gbpkozy.oriniok.pl\/wp-content\/uploads\/2023\/12\/palac3-1024x603.jpg 1024w, https:\/\/gbpkozy.oriniok.pl\/wp-content\/uploads\/2023\/12\/palac3-300x177.jpg 300w, https:\/\/gbpkozy.oriniok.pl\/wp-content\/uploads\/2023\/12\/palac3-768x452.jpg 768w, https:\/\/gbpkozy.oriniok.pl\/wp-content\/uploads\/2023\/12\/palac3-1536x904.jpg 1536w, https:\/\/gbpkozy.oriniok.pl\/wp-content\/uploads\/2023\/12\/palac3.jpg 1600w\" sizes=\"auto, (max-width: 1024px) 100vw, 1024px\" \/><\/div><\/div><\/a><\/figure><\/div><\/li><li class=\"kadence-blocks-gallery-item\"><div class=\"kadence-blocks-gallery-item-inner\"><figure class=\"kb-gallery-figure kb-gallery-item-has-link kadence-blocks-gallery-item-hide-caption\" \"><a href=\"http:\/\/gbpkozy.oriniok.pl\/wp-content\/uploads\/2023\/12\/palac4.jpg\" class=\"kb-gallery-item-link\"  ><div class=\"kb-gal-image-radius\" style=\"max-width:1024px;\"><div class=\"kb-gallery-image-contain kadence-blocks-gallery-intrinsic\" style=\"padding-bottom:51%;\"><img loading=\"lazy\" decoding=\"async\" src=\"http:\/\/gbpkozy.oriniok.pl\/wp-content\/uploads\/2023\/12\/palac4-1024x527.jpg\" width=\"1024\" height=\"527\" alt=\"\" data-full-image=\"http:\/\/gbpkozy.oriniok.pl\/wp-content\/uploads\/2023\/12\/palac4.jpg\" data-light-image=\"http:\/\/gbpkozy.oriniok.pl\/wp-content\/uploads\/2023\/12\/palac4.jpg\" data-id=\"1972\" class=\"wp-image-1972\" srcset=\"https:\/\/gbpkozy.oriniok.pl\/wp-content\/uploads\/2023\/12\/palac4-1024x527.jpg 1024w, https:\/\/gbpkozy.oriniok.pl\/wp-content\/uploads\/2023\/12\/palac4-300x154.jpg 300w, https:\/\/gbpkozy.oriniok.pl\/wp-content\/uploads\/2023\/12\/palac4-768x395.jpg 768w, https:\/\/gbpkozy.oriniok.pl\/wp-content\/uploads\/2023\/12\/palac4-1536x790.jpg 1536w, https:\/\/gbpkozy.oriniok.pl\/wp-content\/uploads\/2023\/12\/palac4.jpg 1600w\" sizes=\"auto, (max-width: 1024px) 100vw, 1024px\" \/><\/div><\/div><\/a><\/figure><\/div><\/li><li class=\"kadence-blocks-gallery-item\"><div class=\"kadence-blocks-gallery-item-inner\"><figure class=\"kb-gallery-figure kb-gallery-item-has-link kadence-blocks-gallery-item-hide-caption\" \"><a href=\"http:\/\/gbpkozy.oriniok.pl\/wp-content\/uploads\/2023\/12\/platan.jpg\" class=\"kb-gallery-item-link\"  ><div class=\"kb-gal-image-radius\" style=\"max-width:1024px;\"><div class=\"kb-gallery-image-contain kadence-blocks-gallery-intrinsic\" style=\"padding-bottom:66%;\"><img loading=\"lazy\" decoding=\"async\" src=\"http:\/\/gbpkozy.oriniok.pl\/wp-content\/uploads\/2023\/12\/platan-1024x683.jpg\" width=\"1024\" height=\"683\" alt=\"\" data-full-image=\"http:\/\/gbpkozy.oriniok.pl\/wp-content\/uploads\/2023\/12\/platan.jpg\" data-light-image=\"http:\/\/gbpkozy.oriniok.pl\/wp-content\/uploads\/2023\/12\/platan.jpg\" data-id=\"1973\" class=\"wp-image-1973\" srcset=\"https:\/\/gbpkozy.oriniok.pl\/wp-content\/uploads\/2023\/12\/platan-1024x683.jpg 1024w, https:\/\/gbpkozy.oriniok.pl\/wp-content\/uploads\/2023\/12\/platan-300x200.jpg 300w, https:\/\/gbpkozy.oriniok.pl\/wp-content\/uploads\/2023\/12\/platan-768x512.jpg 768w, https:\/\/gbpkozy.oriniok.pl\/wp-content\/uploads\/2023\/12\/platan-1536x1024.jpg 1536w, https:\/\/gbpkozy.oriniok.pl\/wp-content\/uploads\/2023\/12\/platan.jpg 1600w\" sizes=\"auto, (max-width: 1024px) 100vw, 1024px\" \/><\/div><\/div><\/a><\/figure><\/div><\/li><\/ul><\/div>","protected":false},"excerpt":{"rendered":"<p>Gminna Biblioteka Publiczna istnieje w Kozach od 1946 r. 3 maja 1946 r. pani Janina Du\u017aniak (z domu Ho\u0142uj &#8211; siostra \u015b.p. Agnieszki Dobrakowskiej) wpisa\u0142a do inwentarza biblioteki publicznej w Kozach pierwsz\u0105 ksi\u0105\u017ck\u0119: Wyspia\u0144ski Stan. &#8211; Dramaty tom I. Biblioteka mie\u015bci\u0142a si\u0119 w\u00f3wczas w jej rodzinnym domu przy ul. Dworcowej. W okresie 1947-1954 bibliotek\u0119 publiczn\u0105&#8230;<\/p>\n","protected":false},"author":1,"featured_media":1962,"parent":0,"menu_order":0,"comment_status":"closed","ping_status":"closed","template":"","meta":{"_kadence_starter_templates_imported_post":false,"_kad_post_transparent":"","_kad_post_title":"","_kad_post_layout":"","_kad_post_sidebar_id":"","_kad_post_content_style":"","_kad_post_vertical_padding":"","_kad_post_feature":"","_kad_post_feature_position":"","_kad_post_header":false,"_kad_post_footer":false,"footnotes":""},"class_list":["post-1961","page","type-page","status-publish","has-post-thumbnail","hentry"],"_links":{"self":[{"href":"https:\/\/gbpkozy.oriniok.pl\/index.php\/wp-json\/wp\/v2\/pages\/1961","targetHints":{"allow":["GET"]}}],"collection":[{"href":"https:\/\/gbpkozy.oriniok.pl\/index.php\/wp-json\/wp\/v2\/pages"}],"about":[{"href":"https:\/\/gbpkozy.oriniok.pl\/index.php\/wp-json\/wp\/v2\/types\/page"}],"author":[{"embeddable":true,"href":"https:\/\/gbpkozy.oriniok.pl\/index.php\/wp-json\/wp\/v2\/users\/1"}],"replies":[{"embeddable":true,"href":"https:\/\/gbpkozy.oriniok.pl\/index.php\/wp-json\/wp\/v2\/comments?post=1961"}],"version-history":[{"count":1,"href":"https:\/\/gbpkozy.oriniok.pl\/index.php\/wp-json\/wp\/v2\/pages\/1961\/revisions"}],"predecessor-version":[{"id":1974,"href":"https:\/\/gbpkozy.oriniok.pl\/index.php\/wp-json\/wp\/v2\/pages\/1961\/revisions\/1974"}],"wp:featuredmedia":[{"embeddable":true,"href":"https:\/\/gbpkozy.oriniok.pl\/index.php\/wp-json\/wp\/v2\/media\/1962"}],"wp:attachment":[{"href":"https:\/\/gbpkozy.oriniok.pl\/index.php\/wp-json\/wp\/v2\/media?parent=1961"}],"curies":[{"name":"wp","href":"https:\/\/api.w.org\/{rel}","templated":true}]}}