{"id":1934,"date":"2023-12-13T22:17:21","date_gmt":"2023-12-13T21:17:21","guid":{"rendered":"http:\/\/gbpkozy.oriniok.pl\/?page_id=1934"},"modified":"2023-12-13T22:17:21","modified_gmt":"2023-12-13T21:17:21","slug":"klauzula-informacyjna","status":"publish","type":"page","link":"http:\/\/gbpkozy.oriniok.pl\/index.php\/klauzula-informacyjna\/","title":{"rendered":"Klauzula informacyjna"},"content":{"rendered":"\n<p><\/p>\n\n\n\n<p><strong>o przetwarzaniu danych osobowych w przypadku zbierania danych osoby, kt\u00f3rej dane dotycz\u0105<\/strong><\/p>\n\n\n\n<p>Zgodnie z <a href=\"https:\/\/sip.legalis.pl\/document-view.seam?documentId=mfrxilrtgm2tsnrrguytsltqmfyc4mzuhaztimztgq\">art. 13 ust. 1 i ust. 2<\/a> rozporz\u0105dzenia Parlamentu Europejskiego i Rady (UE) <a href=\"https:\/\/sip.legalis.pl\/document-view.seam?documentId=mfrxilrtgm2tsnrrguyts\">2016\/679<\/a>&nbsp;z 27 kwietnia 2016 r. w sprawie ochrony os\u00f3b fizycznych w zwi\u0105zku z przetwarzaniem danych osobowych i w sprawie swobodnego przep\u0142ywu takich danych oraz uchylenia dyrektywy&nbsp;<a href=\"https:\/\/sip.legalis.pl\/document-view.seam?documentId=mfrxilrvgaytgnbsge4a\">95\/46\/WE<\/a>&nbsp;(RODO), informujemy, i\u017c:<\/p>\n\n\n\n<p><strong>Administratorem<\/strong> Pa\u0144stwa danych osobowych jest <strong>Gmina Biblioteka Publiczna w Kozach z siedzib\u0105 w Kozach, ul. Krakowska 5, kod pocztowy 43-340 Kozy, adres e-mail: <a href=\"mailto:dyrektor@gbpkozy.pl\">dyrektor@gbpkozy.pl<\/a>, tel. 33&nbsp;817 41 09<\/strong><\/p>\n\n\n\n<p>Sposoby kontaktu z <strong>inspektorem ochrony danych<\/strong> <strong>Pani\u0105 Ma\u0142gorzat\u0105 Wr\u00f3bel <\/strong>w Gminnej Bibliotece Publicznej z siedzib\u0105 w Kozach ul. Krakowska 5, to: adres korespondencyjny 43-340 Kozy ul. Krakowska 5, adres e-mail:<a href=\"mailto:iodo@gzosip.kozy.pl\">iodo@gzosip.kozy.pl<\/a>, tel. 33 7817 42 91<\/p>\n\n\n\n<p><strong>Podstaw\u0105 prawn\u0105 przetwarzania Pa\u0144stwa danych<\/strong>&nbsp;w zakresie realizowanych zada\u0144 jest art. 6 ust. 1 lit. c rozporz\u0105dzenia Parlamentu Europejskiego i Rady (UE) 2016\/679 z 27 kwietnia 2016 r. w sprawie ochrony os\u00f3b fizycznych w zwi\u0105zku z przetwarzaniem danych osobowych i w sprawie swobodnego przep\u0142ywu takich danych oraz uchylenia dyrektywy 95\/46\/WE &#8211; dalej: RODO, w zw. z przepisami ustawy z dnia 25 pa\u017adziernika 1991 r. o organizowaniu i prowadzeniu dzia\u0142alno\u015bci kulturalnej, ustawy z 27 czerwca 1997 r. o bibliotekach oraz przepisami szczeg\u00f3\u0142owymi.<\/p>\n\n\n\n<p><strong>Dane b\u0119d\u0105 przetwarzane w celu<\/strong>&nbsp;wykonywania przez Administratora zada\u0144 ustawowych w\u0142asnych wynikaj\u0105cych z ustaw z dnia 25 pa\u017adziernika 1991 r. o organizowaniu i prowadzeniu dzia\u0142alno\u015bci kulturalnej, ustawy z 27 czerwca 1997 r. o bibliotekach. Szczeg\u00f3\u0142owe informacje na temat konkretnej podstawy prawnej przetwarzania danych osobowych mo\u017cna uzyska\u0107 w siedzibie Administratora.<\/p>\n\n\n\n<p>Pa\u0144stwa dane osobowe b\u0119d\u0105 przechowywane przez okres wynikaj\u0105cy z ustawy z dnia 14&nbsp;lipca 1983 r. o narodowym zasobie archiwalnym i archiwach oraz na podstawie Rozporz\u0105dzenia Prezesa Rady Ministr\u00f3w z dnia 18 stycznia 2011 r. w sprawie instrukcji kancelaryjnej, jednolitych rzeczowych wykaz\u00f3w akt oraz instrukcji w sprawie organizacji i&nbsp;zakresu dzia\u0142ania archiw\u00f3w zak\u0142adowych.<\/p>\n\n\n\n<p>Posiadaj\u0105 Pa\u0144stwo prawo dost\u0119pu do tre\u015bci swoich danych osobowych, prawo do ich sprostowania, sprzeciwu wobec przetwarzania a tak\u017ce prawo do przenoszenia danych.<\/p>\n\n\n\n<p>Przys\u0142uguje Pa\u0144stwu prawo wniesienia skargi do organu nadzorczego \u2013 <strong>Prezesa Urz\u0119du Ochrony Danych Osobowych<\/strong>, je\u015bli Pa\u0144stwa zdaniem, przetwarzanie danych osobowych &#8211; narusza przepisy unijnego rozporz\u0105dzenia RODO.<\/p>\n\n\n\n<p><strong>Biuro Prezesa Urz\u0119du Ochrony Danych Osobowych (PUODO)<\/strong><\/p>\n\n\n\n<p><strong>ul. Stawki 2, 00-193 Warszawa<\/strong><\/p>\n\n\n\n<p><strong>telefon: 22 860 70 86<\/strong><\/p>\n\n\n\n<p>Podanie przez Pa\u0144stwa danych osobowych jest wymogiem ustawowym.<\/p>\n\n\n\n<p>Pa\u0144stwa dane osobowe nie b\u0119d\u0105 przetwarzane w spos\u00f3b zautomatyzowany i nie b\u0119d\u0105 profilowane.<\/p>\n","protected":false},"excerpt":{"rendered":"<p>o przetwarzaniu danych osobowych w przypadku zbierania danych osoby, kt\u00f3rej dane dotycz\u0105 Zgodnie z art. 13 ust. 1 i ust. 2 rozporz\u0105dzenia Parlamentu Europejskiego i Rady (UE) 2016\/679&nbsp;z 27 kwietnia 2016 r. w sprawie ochrony os\u00f3b fizycznych w zwi\u0105zku z przetwarzaniem danych osobowych i w sprawie swobodnego przep\u0142ywu takich danych oraz uchylenia dyrektywy&nbsp;95\/46\/WE&nbsp;(RODO), informujemy, i\u017c:&#8230;<\/p>\n","protected":false},"author":1,"featured_media":0,"parent":0,"menu_order":0,"comment_status":"closed","ping_status":"closed","template":"","meta":{"_kadence_starter_templates_imported_post":false,"_kad_post_transparent":"","_kad_post_title":"","_kad_post_layout":"","_kad_post_sidebar_id":"","_kad_post_content_style":"","_kad_post_vertical_padding":"","_kad_post_feature":"","_kad_post_feature_position":"","_kad_post_header":false,"_kad_post_footer":false,"footnotes":""},"class_list":["post-1934","page","type-page","status-publish","hentry"],"_links":{"self":[{"href":"http:\/\/gbpkozy.oriniok.pl\/index.php\/wp-json\/wp\/v2\/pages\/1934","targetHints":{"allow":["GET"]}}],"collection":[{"href":"http:\/\/gbpkozy.oriniok.pl\/index.php\/wp-json\/wp\/v2\/pages"}],"about":[{"href":"http:\/\/gbpkozy.oriniok.pl\/index.php\/wp-json\/wp\/v2\/types\/page"}],"author":[{"embeddable":true,"href":"http:\/\/gbpkozy.oriniok.pl\/index.php\/wp-json\/wp\/v2\/users\/1"}],"replies":[{"embeddable":true,"href":"http:\/\/gbpkozy.oriniok.pl\/index.php\/wp-json\/wp\/v2\/comments?post=1934"}],"version-history":[{"count":1,"href":"http:\/\/gbpkozy.oriniok.pl\/index.php\/wp-json\/wp\/v2\/pages\/1934\/revisions"}],"predecessor-version":[{"id":1935,"href":"http:\/\/gbpkozy.oriniok.pl\/index.php\/wp-json\/wp\/v2\/pages\/1934\/revisions\/1935"}],"wp:attachment":[{"href":"http:\/\/gbpkozy.oriniok.pl\/index.php\/wp-json\/wp\/v2\/media?parent=1934"}],"curies":[{"name":"wp","href":"https:\/\/api.w.org\/{rel}","templated":true}]}}